{"id":1367,"date":"2018-11-13T11:25:00","date_gmt":"2018-11-13T13:25:00","guid":{"rendered":"http:\/\/demo.ovathemes.com\/imevent\/?page_id=1367"},"modified":"2021-11-30T19:24:46","modified_gmt":"2021-11-30T22:24:46","slug":"home-3-square","status":"publish","type":"page","link":"https:\/\/apcergroup.com\/pt-br\/eventos\/","title":{"rendered":"Apcer Brasil &#8211; Conformidade em Pauta"},"content":{"rendered":"<p>[vc_row full_width=&#8221;stretch_row&#8221; gap=&#8221;30&#8243; css=&#8221;.vc_custom_1620375131311{padding-top: 80px !important;padding-bottom: 60px !important;background-image: url(http:\/\/apcergroup.com\/pt-br\/eventos\/wp-content\/uploads\/2014\/10\/apcer-webinar-slide-01.jpg?id=1435) !important;}&#8221;][vc_column width=&#8221;3\/5&#8243;][vc_empty_space height=&#8221;20px&#8221;][vc_column_text]<\/p>\n<h1><span style=\"color: #ffffff;\"><strong>Conformidade em Pauta<\/strong><\/span><\/h1>\n<p><span style=\"color: #ffffff;\">Seguran\u00e7a da Informa\u00e7\u00e3o e Privacidade de Dados: sua empresa est\u00e1 preparada?<\/span><\/p>\n<p><span style=\"color: #ffffff;\">Assista gratuitamente ao webinar <strong>Seguran\u00e7a da Informa\u00e7\u00e3o e Privacidade de Dados: sua empresa est\u00e1 preparada? \u2014<\/strong> e entenda os pontos comuns entre a ISO 27001 e a Lei Geral de Prote\u00e7\u00e3o de Dados (LGPD), al\u00e9m da raz\u00e3o pela qual a norma \u00e9 o primeiro passo para as organiza\u00e7\u00f5es cumprirem os requisitos da nova lei. O evento ser\u00e1 conduzido por Yayra Monteiro, da APCER Brasil, com palestras de Wagner Moi\u00f3li, auditor-l\u00edder em Sistema de Gest\u00e3o da Seguran\u00e7a da Informa\u00e7\u00e3o; e de Lucia Castelli, analista da Diretoria de Opera\u00e7\u00f5es da SERPRO. O evento tamb\u00e9m contar\u00e1 com um debate sobre os pontos levantados nas apresenta\u00e7\u00f5es, com participa\u00e7\u00e3o de Italo Nogueira, presidente da Federa\u00e7\u00e3o ASSESPRO, e Davis Alves, presidente da ANPPD.<\/span><\/p>\n<p><span style=\"color: #ffffff;\">Aproveite a oportunidade e esclare\u00e7a as suas d\u00favidas!<\/span>[\/vc_column_text][vc_empty_space height=&#8221;20px&#8221;][\/vc_column][vc_column width=&#8221;2\/5&#8243; css=&#8221;.vc_custom_1620373551234{margin-top: 30px !important;}&#8221;][\/vc_column][\/vc_row][vc_row fullwidth=&#8221;no&#8221; bg_image_custom=&#8221;121&#8243; el_id=&#8221;home&#8221; css=&#8221;.vc_custom_1489566308255{margin-top: 0px !important;margin-bottom: 0px !important;border-top-width: 0px !important;border-bottom-width: 0px !important;padding-top: 0px !important;padding-bottom: 0px !important;}&#8221; parallax_bg=&#8221;1&#8243; stellar_background_ratio=&#8221;0.6&#8243;][vc_column css=&#8221;.vc_custom_1417507329606{padding-bottom: 0px !important;}&#8221;]\n      <div class=\"event-description dados\">        \n        <div class=\"event-background\" style=\"background-color:#004288\">\n            <div class=\"container-fluid\">\n                <div class=\"row\">\n                    \n            <div class=\"col-md-3\">\n              <div class=\"media \">\n                          <span class=\"pull-left\">\n                              <i class=\"fa fa-calendar fa-2x\"><\/i>\n                          <\/span>\n                  <div class=\"media-body\">\n                      <h4 class=\"media-heading\">Quando<\/h4>\n                      <span>21\/05\/2021<\/span>\n                  <\/div>\n              <\/div>\n            <\/div>\n    \n            <div class=\"col-md-3\">\n              <div class=\"media \">\n                          <span class=\"pull-left\">\n                              <i class=\"fa fa-map fa-2x\"><\/i>\n                          <\/span>\n                  <div class=\"media-body\">\n                      <h4 class=\"media-heading\">Onde<\/h4>\n                      <span>Online<\/span>\n                  <\/div>\n              <\/div>\n            <\/div>\n    \n            <div class=\"col-md-3\">\n              <div class=\"media \">\n                          <span class=\"pull-left\">\n                              <i class=\"fa fa-group fa-2x\"><\/i>\n                          <\/span>\n                  <div class=\"media-body\">\n                      <h4 class=\"media-heading\">Vagas<\/h4>\n                      <span>Limitadas<\/span>\n                  <\/div>\n              <\/div>\n            <\/div>\n    \n            <div class=\"col-md-3\">\n              <div class=\"media \">\n                          <span class=\"pull-left\">\n                              <i class=\"fa fa-microphone fa-2x\"><\/i>\n                          <\/span>\n                  <div class=\"media-body\">\n                      <h4 class=\"media-heading\">Palestrantes<\/h4>\n                      <span>4 palestrantes<\/span>\n                  <\/div>\n              <\/div>\n            <\/div>\n    \n                <\/div>\n            <\/div>        \n        <\/div>\n    <\/div>\n    [\/vc_column][\/vc_row][vc_row section_id=&#8221;speakers&#8221; el_class=&#8221;light text-center&#8221; fullwidth=&#8221;no&#8221; css=&#8221;.vc_custom_1620374719705{margin-top: 0px !important;margin-bottom: 0px !important;border-top-width: 0px !important;border-bottom-width: 0px !important;padding-top: 20px !important;padding-bottom: 70px !important;}&#8221; el_id=&#8221;speakers&#8221; parallax_bg=&#8221;0&#8243; stellar_background_ratio=&#8221;0.6&#8243;][vc_column css=&#8221;.vc_custom_1414548417251{margin-top: 0px !important;margin-bottom: 0px !important;}&#8221;]\n      <h3 class=\"section-title text-left\"><span data-animation=\"flipInY\" data-animation-delay=\"300\" class=\"icon-inner\"><span class=\"fa-stack\"><i class=\"fa wohex fa-stack-2x\"><\/i><i class=\"fa fa-date fa-stack-1x\"><\/i><\/span><\/span><span data-animation=\"fadeInRight\" data-animation-delay=\"500\" class=\"title-inner\">Nenhum evento programado <small> <\/small><\/span><\/h3>\n    [vc_empty_space height=&#8221;5px&#8221; el_id=&#8221;palestrantes&#8221;][\/vc_column][\/vc_row][vc_row css=&#8221;.vc_custom_1620415841997{padding-bottom: 100px !important;}&#8221;][vc_column][vc_empty_space height=&#8221;50px&#8221;][\/vc_column][\/vc_row][vc_row section_id=&#8221;sponsors&#8221; css=&#8221;.vc_custom_1541847906714{margin-top: 0px !important;margin-bottom: 0px !important;border-top-width: 0px !important;border-bottom-width: 0px !important;padding-top: 35px !important;padding-bottom: 60px !important;}&#8221; fullwidth=&#8221;no&#8221; el_id=&#8221;sponsors&#8221; el_class=&#8221;text-center&#8221; parallax_bg=&#8221;0&#8243; stellar_background_ratio=&#8221;0.6&#8243;][vc_column css=&#8221;.vc_custom_1541847235992{padding-bottom: 45px !important;}&#8221;]\n      <div class=\"partners-carousel \"  data-animation=\"fadeInDown\" data-animation-delay=\"300\">\n          <div class=\"owl-carousel\" data-auto=\"true\" data-show_nav=\"true\" data-loop=\"true\" data-itemslide=\"4\" data-autoplaytimeout=\"3000\"><div><a href=\"#\" target=\"Self\"><img src=\"https:\/\/apcergroup.com\/pt-br\/eventos\/wp-content\/uploads\/2021\/05\/serpro.png\" alt=\"SERPRO\"\/><\/a><\/div><div><a href=\"#\" target=\"Self\"><img src=\"https:\/\/apcergroup.com\/pt-br\/eventos\/wp-content\/uploads\/2021\/05\/assespro-texto-preto.png\" alt=\"ASSESPRO\"\/><\/a><\/div><div><a href=\"#\" target=\"Self\"><img src=\"https:\/\/apcergroup.com\/pt-br\/eventos\/wp-content\/uploads\/2021\/05\/anppd.png\" alt=\"ANPPD\"\/><\/a><\/div><div><a href=\"#\" target=\"Self\"><img src=\"https:\/\/apcergroup.com\/pt-br\/eventos\/wp-content\/uploads\/2021\/05\/apcer-rodape.png\" alt=\"APCER\"\/><\/a><\/div><\/div>\n      <\/div>\n    [\/vc_column][\/vc_row][vc_row full_width=&#8221;stretch_row&#8221; css=&#8221;.vc_custom_1620410673094{background-color: #4c4c4c !important;}&#8221;][vc_column][vc_empty_space height=&#8221;80px&#8221;][vc_column_text]<\/p>\n<p style=\"text-align: center;\"><span style=\"color: #ffffff;\">Ao submeter os seus dados, voc\u00ea est\u00e1 concordando com a nossa<a href=\"https:\/\/www.apcergroup.com\/pt\/politicas-de-privacidade\/\"> Pol\u00edtica de Privacidade da Apcer<\/a>.<br \/>\nLeia tamb\u00e9m a <a href=\"https:\/\/www.logmeininc.com\/legal\">Pol\u00edtica de Privacidade do GoToWebinar<\/a><\/span><\/p>\n<p>[\/vc_column_text][vc_empty_space height=&#8221;80px&#8221;][vc_raw_html]JTNDc2NyaXB0JTIwdHlwZSUzRCUyMnRleHQlMkZqYXZhc2NyaXB0JTIyJTNFJTBBJTBBJTIwJTIwJTIwJTIwdmFyJTIwc2Nyb2xsYmVoYXZpb3IlMjAlM0QlMjBmYWxzZSUzQiUwQSUwQWpRdWVyeSUyOHdpbmRvdyUyOS5zY3JvbGwlMjhmdW5jdGlvbiUyOCUyOSU3QiUwQSUwQSUyMCUyMCUyMCUyMHZhciUyMHdpbnRvcCUyMCUzRCUyMGpRdWVyeSUyOHdpbmRvdyUyOS5zY3JvbGxUb3AlMjglMjklM0IlMEElMjAlMjAlMjAlMjB2YXIlMjBkb2NoZWlnaHQlMjAlM0QlMjBqUXVlcnklMjhkb2N1bWVudCUyOS5oZWlnaHQlMjglMjklM0IlMEElMjAlMjAlMjAlMjB2YXIlMjB3aW5oZWlnaHQlMjAlM0QlMjBqUXVlcnklMjh3aW5kb3clMjkuaGVpZ2h0JTI4JTI5JTNCJTBBJTBBJTIwJTIwJTIwJTIwY29uc29sZS5sb2clMjhzY3JvbGxiZWhhdmlvciUyOSUzQiUwQSUwQSUyMCUyMCUyMCUyMHZhciUyMHNjcm9sbHRyaWdnZXIlMjAlM0QlMjAwLjglM0IlMEElMEElMjAlMjAlMjAlMjAlMkYlMkZjb25zb2xlLmxvZyUyOCUyNyUyNXNjcm9sbGVkJTNEJTI3JTJCJTI4d2ludG9wJTJGJTI4ZG9jaGVpZ2h0LXdpbmhlaWdodCUyOSUyOSUyQTEwMCUyOSUzQiUwQSUwQSUyMCUyMCUyMCUyMGlmJTIwJTIwJTI4JTI4d2ludG9wJTJGJTI4ZG9jaGVpZ2h0LXdpbmhlaWdodCUyOSUyOSUyMCUzRSUyMHNjcm9sbHRyaWdnZXIlMjAlMjYlMjBzY3JvbGxiZWhhdmlvciUyMCUyMSUzRCUyMHRydWUlMjAlMjklMjAlN0IlMEElMEElMjAlMjAlMjAlMjAlMjAlMjAlMjBjb25zb2xlLmxvZyUyOCUyN01haXMlMjBkZSUyMDgwJTI1JTIwZGElMjBwJUMzJUExZ2luYSUyNyUyOSUzQiUwQSUyMCUyMCUyMCUyMCUyMCUyMCUyMHNjcm9sbGJlaGF2aW9yJTIwJTNEJTIwdHJ1ZSUzQiUwQSUwQSUyMCUyMCUyMCUyMCUyMCUyMCUyMGNvbnNvbGUubG9nJTI4c2Nyb2xsYmVoYXZpb3IlMjklM0IlMEElMjAlMjAlMjAlMjAlN0QlMEElMEElN0QlMjklM0IlMEElMEElM0MlMkZzY3JpcHQlM0U=[\/vc_raw_html][\/vc_column][\/vc_row]<\/p>\n","protected":false},"excerpt":{"rendered":"<p>[vc_row full_width=&#8221;stretch_row&#8221; gap=&#8221;30&#8243; css=&#8221;.vc_custom_1620375131311{padding-top: 80px !important;padding-bottom: 60px !important;background-image: url(http:\/\/apcergroup.com\/pt-br\/eventos\/wp-content\/uploads\/2014\/10\/apcer-webinar-slide-01.jpg?id=1435) !important;}&#8221;][vc_column width=&#8221;3\/5&#8243;][vc_empty_space height=&#8221;20px&#8221;][vc_column_text] Conformidade em Pauta Seguran\u00e7a da Informa\u00e7\u00e3o e Privacidade de Dados: sua empresa est\u00e1 preparada? Assista gratuitamente ao webinar Seguran\u00e7a da Informa\u00e7\u00e3o e Privacidade de Dados: sua empresa est\u00e1 preparada? \u2014<\/p>\n","protected":false},"author":1,"featured_media":1103,"parent":0,"menu_order":5,"comment_status":"open","ping_status":"closed","template":"home_template.php","meta":[],"_links":{"self":[{"href":"https:\/\/apcergroup.com\/pt-br\/eventos\/wp-json\/wp\/v2\/pages\/1367"}],"collection":[{"href":"https:\/\/apcergroup.com\/pt-br\/eventos\/wp-json\/wp\/v2\/pages"}],"about":[{"href":"https:\/\/apcergroup.com\/pt-br\/eventos\/wp-json\/wp\/v2\/types\/page"}],"author":[{"embeddable":true,"href":"https:\/\/apcergroup.com\/pt-br\/eventos\/wp-json\/wp\/v2\/users\/1"}],"replies":[{"embeddable":true,"href":"https:\/\/apcergroup.com\/pt-br\/eventos\/wp-json\/wp\/v2\/comments?post=1367"}],"version-history":[{"count":102,"href":"https:\/\/apcergroup.com\/pt-br\/eventos\/wp-json\/wp\/v2\/pages\/1367\/revisions"}],"predecessor-version":[{"id":2425,"href":"https:\/\/apcergroup.com\/pt-br\/eventos\/wp-json\/wp\/v2\/pages\/1367\/revisions\/2425"}],"wp:featuredmedia":[{"embeddable":true,"href":"https:\/\/apcergroup.com\/pt-br\/eventos\/wp-json\/wp\/v2\/media\/1103"}],"wp:attachment":[{"href":"https:\/\/apcergroup.com\/pt-br\/eventos\/wp-json\/wp\/v2\/media?parent=1367"}],"curies":[{"name":"wp","href":"https:\/\/api.w.org\/{rel}","templated":true}]}}